{"id":22,"date":"2025-01-28T09:50:44","date_gmt":"2025-01-28T15:50:44","guid":{"rendered":"https:\/\/wcbestg.wpenginepowered.com\/?page_id=22"},"modified":"2025-11-25T04:36:07","modified_gmt":"2025-11-25T10:36:07","slug":"faq","status":"publish","type":"page","link":"https:\/\/ch.whiteclaw.com\/fr\/faq\/","title":{"rendered":"FAQ"},"content":{"rendered":"<section class=\"hero hero-section__splash-page position-relative wp-block-markanthonygroup-inner-hero-banner\">\n\t\t\t<div class=\"inside-hero\">\n\t\t\t\t\t\t<picture class=\"inside-hero__bg-img\">\n\t\t\t\t\t\t\t\t\t<source\n\t\t\t\t\t\tsrcset=\"https:\/\/ch.whiteclaw.com\/fr\/wp-content\/uploads\/sites\/3\/2025\/05\/faq-bg-pages.webp\"\n\t\t\t\t\t\tmedia=\"(min-width: 1025px)\">\n\t\t\t\t\n\t\t\t\t\t\t\t\t\t<source\n\t\t\t\t\t\tsrcset=\"https:\/\/ch.whiteclaw.com\/fr\/wp-content\/uploads\/sites\/3\/2025\/05\/faq-bg-pages.webp\"\n\t\t\t\t\t\tmedia=\"(min-width: 768px) and (max-width: 1024px)\">\n\t\t\t\t\n\t\t\t\t\t\t\t\t\t<source\n\t\t\t\t\t\tsrcset=\"https:\/\/ch.whiteclaw.com\/fr\/wp-content\/uploads\/sites\/3\/2025\/05\/faq-bg-pages.webp\"\n\t\t\t\t\t\tmedia=\"(max-width: 767px)\">\n\t\t\t\t\n\t\t\t\t<img\n\t\t\t\t\tsrc=\"https:\/\/ch.whiteclaw.com\/fr\/wp-content\/uploads\/sites\/3\/2025\/05\/faq-bg-pages.webp\"\n\t\t\t\t\talt=\"faq banner\"\n\t\t\t\t\tclass=\"inside-hero__bg-img\"\n\t\t\t\t\tloading=\"eager\" \/>\n\t\t\t<\/picture>\n\t\t\t\t\t\t<div class=\"overlay\"><\/div>\n\t\t<\/div>\n\n\n\t\t<\/section>\n\n<section id=\"faq\" class=\"inside-content faq\" style=\"background-color: #fff;\">\n    <div class=\"container-fluid inside-faq-content-row\">\n        <div class=\"row\">\n            <div class=\"col-md-12\">\n                <div class=\"container inside-content\">\n                    <div class=\"row\">\n                        <div class=\"col-md-12\">\n\n                                                            <h1 class=\"wp-block-heading\">FREQUENTLY ASKED QUESTIONS<\/h1>\n                            \n                            <div class=\"faq-section mb-5 dl-faq\"><div class=\"d-flex faq-header faq-group font-weight-bold cursor-pointer faq-group-close\"><p style=\"color:#000\">Quels sont les ingr\u00e9dients et les donn\u00e9es nutritionnelles de White Claw\u00ae\u00a0Hard Seltzer ?<\/p><\/div><div class=\"faq-content toggle-hide\" style=\"display:none;color:#000\">\n<p>White Claw<sup>\u00ae<\/sup>&nbsp;Hard Seltzer is made without compromise using sparkling water, alcohol and natural flavours to deliver a taste of pure refreshment like nothing you\u2019ve ever tasted.<\/p>\n\n\n\n<h3 class=\"wp-block-heading\"><strong><strong><strong>Mango<\/strong><\/strong><\/strong><\/h3>\n\n\n\n<p>Ingredients: Sparkling Water, alcohol, sugar, natural flavours, citric acid.<\/p>\n\n\n<p><a href=\"#\" class=\"popup\" data-toggle=\"modal\" data-target=\"#popupModal_68ee76ec95a66\">\n    Information nutritionnelle pour 330 ml<\/a><\/p>\n\n<div class=\"modal fade\" id=\"popupModal_68ee76ec95a66\" tabindex=\"-1\" role=\"dialog\" aria-hidden=\"true\">\n    <div class=\"modal-dialog\" role=\"document\">\n        <div class=\"modal-content\">\n            <div class=\"modal-body text-center\">\n                                    <img decoding=\"async\" class=\"img-fluid\" src=\"https:\/\/ch.whiteclaw.com\/fr\/wp-content\/uploads\/sites\/3\/2025\/05\/white-claw-nutrition-ch-fr.jpg\" alt=\"Popup Image\" \/>\n                            <\/div>\n            <div class=\"modal-footer\">\n                <button type=\"button\" class=\"btn\" data-dismiss=\"modal\">Close<\/button>\n            <\/div>\n        <\/div>\n    <\/div>\n<\/div>\n\n\n\n<h3 class=\"wp-block-heading\"><strong><strong><strong>Natural Lime<\/strong><\/strong><\/strong><\/h3>\n\n\n\n<p>Ingredients: Sparkling Water, alcohol, sugar, natural flavours, citric acid.<\/p>\n\n\n<p><a href=\"#\" class=\"popup\" data-toggle=\"modal\" data-target=\"#popupModal_68ee76ec95be0\">\n    Information nutritionnelle pour 330 ml<\/a><\/p>\n\n<div class=\"modal fade\" id=\"popupModal_68ee76ec95be0\" tabindex=\"-1\" role=\"dialog\" aria-hidden=\"true\">\n    <div class=\"modal-dialog\" role=\"document\">\n        <div class=\"modal-content\">\n            <div class=\"modal-body text-center\">\n                                    <img decoding=\"async\" class=\"img-fluid\" src=\"https:\/\/ch.whiteclaw.com\/fr\/wp-content\/uploads\/sites\/3\/2025\/05\/white-claw-nutrition-ch-fr.jpg\" alt=\"Popup Image\" \/>\n                            <\/div>\n            <div class=\"modal-footer\">\n                <button type=\"button\" class=\"btn\" data-dismiss=\"modal\">Close<\/button>\n            <\/div>\n        <\/div>\n    <\/div>\n<\/div>\n\n\n\n<h3 class=\"wp-block-heading\"><strong><strong><strong>Peach<\/strong><\/strong><\/strong><\/h3>\n\n\n\n<p>Ingredients: Sparkling Water, alcohol, sugar, natural flavours, citric acid.<\/p>\n\n\n<p><a href=\"#\" class=\"popup\" data-toggle=\"modal\" data-target=\"#popupModal_68ee76ec95c64\">\n    Information nutritionnelle pour 330 ml<\/a><\/p>\n\n<div class=\"modal fade\" id=\"popupModal_68ee76ec95c64\" tabindex=\"-1\" role=\"dialog\" aria-hidden=\"true\">\n    <div class=\"modal-dialog\" role=\"document\">\n        <div class=\"modal-content\">\n            <div class=\"modal-body text-center\">\n                                    <img decoding=\"async\" class=\"img-fluid\" src=\"https:\/\/ch.whiteclaw.com\/fr\/wp-content\/uploads\/sites\/3\/2025\/05\/white-claw-nutrition-ch-fr.jpg\" alt=\"Popup Image\" \/>\n                            <\/div>\n            <div class=\"modal-footer\">\n                <button type=\"button\" class=\"btn\" data-dismiss=\"modal\">Close<\/button>\n            <\/div>\n        <\/div>\n    <\/div>\n<\/div>\n<\/div><\/div><div class=\"faq-section mb-5 dl-faq\"><div class=\"d-flex faq-header faq-group font-weight-bold cursor-pointer faq-group-close\"><p style=\"color:#000\">White Claw<sup>\u00ae<\/sup> Hard Seltzer contient-il des allerg\u00e8nes ?<\/p><\/div><div class=\"faq-content toggle-hide\" style=\"display:none;color:#000\">\n<p>Nos produits ne contiennent pas d\u2019allerg\u00e8nes courants tels que le lait, les \u0153ufs, le poisson, les crustac\u00e9s, les noix, les arachides, le bl\u00e9 et le soja. M\u00eame si la liste compl\u00e8te des ingr\u00e9dients de White Claw<sup>\u00ae<\/sup>&nbsp;Hard Seltzer est un secret de fabrication, nous te renseignerons volontiers sur la pr\u00e9sence d\u2019un ingr\u00e9dient en particulier.<\/p>\n<\/div><\/div><div class=\"faq-section mb-5 dl-faq\"><div class=\"d-flex faq-header faq-group font-weight-bold cursor-pointer faq-group-close\"><p style=\"color:#000\">White Claw<sup>\u00ae<\/sup> Hard Seltzer est-il sans gluten ?<\/p><\/div><div class=\"faq-content toggle-hide\" style=\"display:none;color:#000\">\n<p>Oui ! White Claw\u200c<sup>\u00ae<\/sup>&nbsp;Hard Seltzer se compose d\u2019ingr\u00e9dients sans gluten.<\/p>\n<\/div><\/div><div class=\"faq-section mb-5 dl-faq\"><div class=\"d-flex faq-header faq-group font-weight-bold cursor-pointer faq-group-close\"><p style=\"color:#000\">Quelle est la dur\u00e9e de conservation de White Claw<sup>\u00ae<\/sup> Hard Seltzer ?<\/p><\/div><div class=\"faq-content toggle-hide\" style=\"display:none;color:#000\">\n<p>En g\u00e9n\u00e9ral, le White Claw<sup>\u00ae<\/sup>&nbsp;Hard Seltzer reste frais et propre \u00e0 la consommation pendant environ 12 mois apr\u00e8s avoir \u00e9t\u00e9 conditionn\u00e9.<\/p>\n<\/div><\/div><div class=\"faq-section mb-5 dl-faq\"><div class=\"d-flex faq-header faq-group font-weight-bold cursor-pointer faq-group-close\"><p style=\"color:#000\">Je suis absolument fan de White Claw<sup>\u00ae<\/sup> Hard Seltzer. Puis-je m\u2019associer \u00e0 la marque ?<\/p><\/div><div class=\"faq-content toggle-hide\" style=\"display:none;color:#000\">\n<p>Remplis notre\u00a0<a href=\"https:\/\/ch.whiteclaw.com\/fr\/contact-us\/\" data-type=\"page\" data-id=\"20\">formulaire Contactez-nous<\/a>\u00a0pour nous soumettre des demandes li\u00e9es aux relations publiques ou demandes de sponsoring.<\/p>\n\n\n<\/div><\/div>\n                        <\/div>\n                    <\/div>\n                <\/div>\n            <\/div>\n        <\/div>\n    <\/div>\n<\/section>\n","protected":false},"excerpt":{"rendered":"","protected":false},"author":2,"featured_media":0,"parent":0,"menu_order":0,"comment_status":"closed","ping_status":"closed","template":"","meta":{"_acf_changed":false,"inline_featured_image":false,"footnotes":""},"class_list":["post-22","page","type-page","status-publish","hentry"],"acf":[],"yoast_head":"<!-- This site is optimized with the Yoast SEO plugin v27.3 - https:\/\/yoast.com\/product\/yoast-seo-wordpress\/ -->\n<title>FAQ | White Claw\u00ae Hard Seltzer Suisse<\/title>\n<meta name=\"description\" content=\"Tout ce qu\u2019il faut savoir sur White Claw\u00ae Hard Seltzer.\" \/>\n<meta name=\"robots\" content=\"index, follow, max-snippet:-1, max-image-preview:large, max-video-preview:-1\" \/>\n<link rel=\"canonical\" href=\"https:\/\/ch.whiteclaw.com\/fr\/faq\/\" \/>\n<meta property=\"og:locale\" content=\"en_GB\" \/>\n<meta property=\"og:type\" content=\"article\" \/>\n<meta property=\"og:title\" content=\"FAQ | White Claw\u00ae Hard Seltzer Suisse\" \/>\n<meta property=\"og:description\" content=\"Tout ce qu\u2019il faut savoir sur White Claw\u00ae Hard Seltzer.\" \/>\n<meta property=\"og:url\" content=\"https:\/\/ch.whiteclaw.com\/fr\/faq\/\" \/>\n<meta property=\"og:site_name\" content=\"White Claw\u00ae Hard Seltzer\" \/>\n<meta property=\"article:modified_time\" content=\"2025-11-25T10:36:07+00:00\" \/>\n<meta name=\"twitter:card\" content=\"summary_large_image\" \/>\n<meta name=\"twitter:label1\" content=\"Est. reading time\" \/>\n\t<meta name=\"twitter:data1\" content=\"1 minute\" \/>\n<script type=\"application\/ld+json\" class=\"yoast-schema-graph\">{\"@context\":\"https:\\\/\\\/schema.org\",\"@graph\":[{\"@type\":\"WebPage\",\"@id\":\"https:\\\/\\\/ch.whiteclaw.com\\\/fr\\\/faq\\\/\",\"url\":\"https:\\\/\\\/ch.whiteclaw.com\\\/fr\\\/faq\\\/\",\"name\":\"FAQ | White Claw\u00ae Hard Seltzer Suisse\",\"isPartOf\":{\"@id\":\"https:\\\/\\\/ch.whiteclaw.com\\\/fr\\\/#website\"},\"datePublished\":\"2025-01-28T15:50:44+00:00\",\"dateModified\":\"2025-11-25T10:36:07+00:00\",\"description\":\"Tout ce qu\u2019il faut savoir sur White Claw\u00ae Hard Seltzer.\",\"breadcrumb\":{\"@id\":\"https:\\\/\\\/ch.whiteclaw.com\\\/fr\\\/faq\\\/#breadcrumb\"},\"inLanguage\":\"en-GB\",\"potentialAction\":[{\"@type\":\"ReadAction\",\"target\":[\"https:\\\/\\\/ch.whiteclaw.com\\\/fr\\\/faq\\\/\"]}]},{\"@type\":\"BreadcrumbList\",\"@id\":\"https:\\\/\\\/ch.whiteclaw.com\\\/fr\\\/faq\\\/#breadcrumb\",\"itemListElement\":[{\"@type\":\"ListItem\",\"position\":1,\"name\":\"Home\",\"item\":\"https:\\\/\\\/ch.whiteclaw.com\\\/fr\\\/\"},{\"@type\":\"ListItem\",\"position\":2,\"name\":\"FAQ\"}]},{\"@type\":\"WebSite\",\"@id\":\"https:\\\/\\\/ch.whiteclaw.com\\\/fr\\\/#website\",\"url\":\"https:\\\/\\\/ch.whiteclaw.com\\\/fr\\\/\",\"name\":\"White Claw\u00ae Hard Seltzer\",\"description\":\"Suisse\",\"publisher\":{\"@id\":\"https:\\\/\\\/ch.whiteclaw.com\\\/fr\\\/#organization\"},\"potentialAction\":[{\"@type\":\"SearchAction\",\"target\":{\"@type\":\"EntryPoint\",\"urlTemplate\":\"https:\\\/\\\/ch.whiteclaw.com\\\/fr\\\/?s={search_term_string}\"},\"query-input\":{\"@type\":\"PropertyValueSpecification\",\"valueRequired\":true,\"valueName\":\"search_term_string\"}}],\"inLanguage\":\"en-GB\"},{\"@type\":\"Organization\",\"@id\":\"https:\\\/\\\/ch.whiteclaw.com\\\/fr\\\/#organization\",\"name\":\"White Claw\u00ae Hard Seltzer\",\"url\":\"https:\\\/\\\/ch.whiteclaw.com\\\/fr\\\/\",\"logo\":{\"@type\":\"ImageObject\",\"inLanguage\":\"en-GB\",\"@id\":\"https:\\\/\\\/ch.whiteclaw.com\\\/fr\\\/#\\\/schema\\\/logo\\\/image\\\/\",\"url\":\"https:\\\/\\\/ch.whiteclaw.com\\\/fr\\\/wp-content\\\/uploads\\\/sites\\\/3\\\/2025\\\/05\\\/logo-blk.png\",\"contentUrl\":\"https:\\\/\\\/ch.whiteclaw.com\\\/fr\\\/wp-content\\\/uploads\\\/sites\\\/3\\\/2025\\\/05\\\/logo-blk.png\",\"width\":540,\"height\":536,\"caption\":\"White Claw\u00ae Hard Seltzer\"},\"image\":{\"@id\":\"https:\\\/\\\/ch.whiteclaw.com\\\/fr\\\/#\\\/schema\\\/logo\\\/image\\\/\"}}]}<\/script>\n<!-- \/ Yoast SEO plugin. -->","yoast_head_json":{"title":"FAQ | White Claw\u00ae Hard Seltzer Suisse","description":"Tout ce qu\u2019il faut savoir sur White Claw\u00ae Hard Seltzer.","robots":{"index":"index","follow":"follow","max-snippet":"max-snippet:-1","max-image-preview":"max-image-preview:large","max-video-preview":"max-video-preview:-1"},"canonical":"https:\/\/ch.whiteclaw.com\/fr\/faq\/","og_locale":"en_GB","og_type":"article","og_title":"FAQ | White Claw\u00ae Hard Seltzer Suisse","og_description":"Tout ce qu\u2019il faut savoir sur White Claw\u00ae Hard Seltzer.","og_url":"https:\/\/ch.whiteclaw.com\/fr\/faq\/","og_site_name":"White Claw\u00ae Hard Seltzer","article_modified_time":"2025-11-25T10:36:07+00:00","twitter_card":"summary_large_image","twitter_misc":{"Est. reading time":"1 minute"},"schema":{"@context":"https:\/\/schema.org","@graph":[{"@type":"WebPage","@id":"https:\/\/ch.whiteclaw.com\/fr\/faq\/","url":"https:\/\/ch.whiteclaw.com\/fr\/faq\/","name":"FAQ | White Claw\u00ae Hard Seltzer Suisse","isPartOf":{"@id":"https:\/\/ch.whiteclaw.com\/fr\/#website"},"datePublished":"2025-01-28T15:50:44+00:00","dateModified":"2025-11-25T10:36:07+00:00","description":"Tout ce qu\u2019il faut savoir sur White Claw\u00ae Hard Seltzer.","breadcrumb":{"@id":"https:\/\/ch.whiteclaw.com\/fr\/faq\/#breadcrumb"},"inLanguage":"en-GB","potentialAction":[{"@type":"ReadAction","target":["https:\/\/ch.whiteclaw.com\/fr\/faq\/"]}]},{"@type":"BreadcrumbList","@id":"https:\/\/ch.whiteclaw.com\/fr\/faq\/#breadcrumb","itemListElement":[{"@type":"ListItem","position":1,"name":"Home","item":"https:\/\/ch.whiteclaw.com\/fr\/"},{"@type":"ListItem","position":2,"name":"FAQ"}]},{"@type":"WebSite","@id":"https:\/\/ch.whiteclaw.com\/fr\/#website","url":"https:\/\/ch.whiteclaw.com\/fr\/","name":"White Claw\u00ae Hard Seltzer","description":"Suisse","publisher":{"@id":"https:\/\/ch.whiteclaw.com\/fr\/#organization"},"potentialAction":[{"@type":"SearchAction","target":{"@type":"EntryPoint","urlTemplate":"https:\/\/ch.whiteclaw.com\/fr\/?s={search_term_string}"},"query-input":{"@type":"PropertyValueSpecification","valueRequired":true,"valueName":"search_term_string"}}],"inLanguage":"en-GB"},{"@type":"Organization","@id":"https:\/\/ch.whiteclaw.com\/fr\/#organization","name":"White Claw\u00ae Hard Seltzer","url":"https:\/\/ch.whiteclaw.com\/fr\/","logo":{"@type":"ImageObject","inLanguage":"en-GB","@id":"https:\/\/ch.whiteclaw.com\/fr\/#\/schema\/logo\/image\/","url":"https:\/\/ch.whiteclaw.com\/fr\/wp-content\/uploads\/sites\/3\/2025\/05\/logo-blk.png","contentUrl":"https:\/\/ch.whiteclaw.com\/fr\/wp-content\/uploads\/sites\/3\/2025\/05\/logo-blk.png","width":540,"height":536,"caption":"White Claw\u00ae Hard Seltzer"},"image":{"@id":"https:\/\/ch.whiteclaw.com\/fr\/#\/schema\/logo\/image\/"}}]}},"_links":{"self":[{"href":"https:\/\/ch.whiteclaw.com\/fr\/wp-json\/wp\/v2\/pages\/22","targetHints":{"allow":["GET"]}}],"collection":[{"href":"https:\/\/ch.whiteclaw.com\/fr\/wp-json\/wp\/v2\/pages"}],"about":[{"href":"https:\/\/ch.whiteclaw.com\/fr\/wp-json\/wp\/v2\/types\/page"}],"author":[{"embeddable":true,"href":"https:\/\/ch.whiteclaw.com\/fr\/wp-json\/wp\/v2\/users\/2"}],"replies":[{"embeddable":true,"href":"https:\/\/ch.whiteclaw.com\/fr\/wp-json\/wp\/v2\/comments?post=22"}],"version-history":[{"count":0,"href":"https:\/\/ch.whiteclaw.com\/fr\/wp-json\/wp\/v2\/pages\/22\/revisions"}],"wp:attachment":[{"href":"https:\/\/ch.whiteclaw.com\/fr\/wp-json\/wp\/v2\/media?parent=22"}],"curies":[{"name":"wp","href":"https:\/\/api.w.org\/{rel}","templated":true}]}}