{"id":23,"date":"2025-01-28T09:50:52","date_gmt":"2025-01-28T15:50:52","guid":{"rendered":"https:\/\/wcbestg.wpenginepowered.com\/?page_id=23"},"modified":"2025-11-25T03:33:54","modified_gmt":"2025-11-25T09:33:54","slug":"flavours","status":"publish","type":"page","link":"https:\/\/ch.whiteclaw.com\/fr\/flavours\/","title":{"rendered":"Saveurs"},"content":{"rendered":"<section class=\"hero hero-section__splash-page position-relative wp-block-markanthonygroup-inner-hero-banner\">\n\t\t\t<div class=\"inside-hero\">\n\t\t\t\t\t\t<picture class=\"inside-hero__bg-img\">\n\t\t\t\t\t\t\t\t\t<source\n\t\t\t\t\t\tsrcset=\"https:\/\/ch.whiteclaw.com\/fr\/wp-content\/uploads\/sites\/3\/2025\/05\/flavours-bg-pages.webp\"\n\t\t\t\t\t\tmedia=\"(min-width: 1025px)\">\n\t\t\t\t\n\t\t\t\t\n\t\t\t\t\t\t\t\t\t<source\n\t\t\t\t\t\tsrcset=\"https:\/\/ch.whiteclaw.com\/fr\/wp-content\/uploads\/sites\/3\/2025\/05\/flavours-bg-pages.webp\"\n\t\t\t\t\t\tmedia=\"(max-width: 767px)\">\n\t\t\t\t\n\t\t\t\t<img\n\t\t\t\t\tsrc=\"https:\/\/ch.whiteclaw.com\/fr\/wp-content\/uploads\/sites\/3\/2025\/05\/flavours-bg-pages.webp\"\n\t\t\t\t\talt=\"\"\n\t\t\t\t\tclass=\"inside-hero__bg-img\"\n\t\t\t\t\tloading=\"eager\" \/>\n\t\t\t<\/picture>\n\t\t\t\t\t\t<div class=\"overlay\"><\/div>\n\t\t<\/div>\n\n\n\t\t<\/section>\n\n\n<section class=\"product-section wp-block-markanthonygroup-wc-product-section\"style=\"--section-title-color: #4A4A4A; --section-subTitle-color: #4A4A4A; --flavourSection-title-color:#4A4A4A;--flavourSection-subTitle-color:#4A4A4A\">\n    <div class=\"container-fluid inside-content-row flavors\">\n\n        <div class=\"row\">\n            <div class=\"col-md-12\">\n                <div class=\"container inside-content\">\n\n                    <div class=\"centered-page-heading\">\n                                                    <h2 class=\"product-list-title\">Saveurs<\/h2>\n                        \n                                                    <h3 class=\"product-list-subtitle\">D\u00e9couvre un pur rafra\u00eechissement, au go\u00fbt totalement in\u00e9dit.<\/h3>\n                                            <\/div>\n                    <div class=\"centered-page-heading dl-item-list\">\n                                                    <h2 class=\"flavour-section-title\">White Claw\u00ae Hard Seltzer<\/h2>\n                        \n                                                    <h3 class=\"flavour-section-subtitle\">95 calories par portion de 330 ml et degr\u00e9 d\u2019alc. de 4,5%<\/h3>\n                                            <\/div>\n\n                    <div class=\"row flavor-row full\">\n                                                    <div class=\"col-6 col-sm-4\">\n                                <div class=\"flavor-drink\"\n                                    data-dl-item-category=\"original\">\n                                    <a href=\"https:\/\/ch.whiteclaw.com\/fr\/flavours\/mango\/\">\n                                        <picture>\n                                                                                            <source srcset=\"https:\/\/ch.whiteclaw.com\/fr\/wp-content\/uploads\/sites\/3\/2025\/06\/white-claw-mango-ie.webp?t=1748871367639\" type=\"image\/webp\">\n                                                                                        <source srcset=\"https:\/\/ch.whiteclaw.com\/fr\/wp-content\/uploads\/sites\/3\/2025\/06\/white-claw-mango-ie.webp?t=1748871367639\" type=\"image\/png\">\n                                            <img decoding=\"async\" src=\"https:\/\/ch.whiteclaw.com\/fr\/wp-content\/uploads\/sites\/3\/2025\/06\/white-claw-mango-ie.webp?t=1748871367639\"\n                                                alt=\"Mangue\"\n                                                >\n                                        <\/picture>\n                                        <h4><span>Mangue<\/span><\/h4>\n                                    <\/a>\n                                <\/div>\n                            <\/div>\n                                                    <div class=\"col-6 col-sm-4\">\n                                <div class=\"flavor-drink\"\n                                    data-dl-item-category=\"original\">\n                                    <a href=\"https:\/\/ch.whiteclaw.com\/fr\/flavours\/natural-lime\/\">\n                                        <picture>\n                                                                                            <source srcset=\"https:\/\/ch.whiteclaw.com\/fr\/wp-content\/uploads\/sites\/3\/2025\/06\/white-claw-natural-lime-ie.webp?t=1748870262249\" type=\"image\/webp\">\n                                                                                        <source srcset=\"https:\/\/ch.whiteclaw.com\/fr\/wp-content\/uploads\/sites\/3\/2025\/06\/white-claw-natural-lime-ie.webp?t=1748870262249\" type=\"image\/png\">\n                                            <img decoding=\"async\" src=\"https:\/\/ch.whiteclaw.com\/fr\/wp-content\/uploads\/sites\/3\/2025\/06\/white-claw-natural-lime-ie.webp?t=1748870262249\"\n                                                alt=\"Citron Vert Naturel\"\n                                                >\n                                        <\/picture>\n                                        <h4><span>Citron Vert Naturel<\/span><\/h4>\n                                    <\/a>\n                                <\/div>\n                            <\/div>\n                                                    <div class=\"col-6 col-sm-4\">\n                                <div class=\"flavor-drink\"\n                                    data-dl-item-category=\"original\">\n                                    <a href=\"https:\/\/ch.whiteclaw.com\/fr\/flavours\/peach\/\">\n                                        <picture>\n                                                                                            <source srcset=\"https:\/\/ch.whiteclaw.com\/fr\/wp-content\/uploads\/sites\/3\/2025\/02\/flavour-peach.webp?t=1759726571146\" type=\"image\/webp\">\n                                                                                        <source srcset=\"https:\/\/ch.whiteclaw.com\/fr\/wp-content\/uploads\/sites\/3\/2025\/02\/flavour-peach.webp?t=1759726571146\" type=\"image\/png\">\n                                            <img decoding=\"async\" src=\"https:\/\/ch.whiteclaw.com\/fr\/wp-content\/uploads\/sites\/3\/2025\/02\/flavour-peach.webp?t=1759726571146\"\n                                                alt=\"p\u00eache\"\n                                                >\n                                        <\/picture>\n                                        <h4><span>p\u00eache<\/span><\/h4>\n                                    <\/a>\n                                <\/div>\n                            <\/div>\n                                            <\/div>\n\n                <\/div>\n            <\/div>\n        <\/div>\n    <\/div>\n<\/section>","protected":false},"excerpt":{"rendered":"","protected":false},"author":2,"featured_media":0,"parent":0,"menu_order":0,"comment_status":"closed","ping_status":"closed","template":"","meta":{"_acf_changed":false,"inline_featured_image":false,"footnotes":""},"class_list":["post-23","page","type-page","status-publish","hentry"],"acf":[],"yoast_head":"<!-- This site is optimized with the Yoast SEO plugin v27.3 - https:\/\/yoast.com\/product\/yoast-seo-wordpress\/ -->\n<title>Saveurs | White Claw\u00ae Hard Seltzer<\/title>\n<meta name=\"description\" content=\"D\u00e9couvre notre gamme d\u00e9salt\u00e9rante de saveurs de fruits, notamment Cerise noire, Mangue et Citron vert naturel.\" \/>\n<meta name=\"robots\" content=\"index, follow, max-snippet:-1, max-image-preview:large, max-video-preview:-1\" \/>\n<link rel=\"canonical\" href=\"https:\/\/ch.whiteclaw.com\/fr\/flavours\/\" \/>\n<meta property=\"og:locale\" content=\"en_GB\" \/>\n<meta property=\"og:type\" content=\"article\" \/>\n<meta property=\"og:title\" content=\"Saveurs | White Claw\u00ae Hard Seltzer\" \/>\n<meta property=\"og:description\" content=\"D\u00e9couvre notre gamme d\u00e9salt\u00e9rante de saveurs de fruits, notamment Cerise noire, Mangue et Citron vert naturel.\" \/>\n<meta property=\"og:url\" content=\"https:\/\/ch.whiteclaw.com\/fr\/flavours\/\" \/>\n<meta property=\"og:site_name\" content=\"White Claw\u00ae Hard Seltzer\" \/>\n<meta property=\"article:modified_time\" content=\"2025-11-25T09:33:54+00:00\" \/>\n<meta name=\"twitter:card\" content=\"summary_large_image\" \/>\n<script type=\"application\/ld+json\" class=\"yoast-schema-graph\">{\"@context\":\"https:\\\/\\\/schema.org\",\"@graph\":[{\"@type\":\"WebPage\",\"@id\":\"https:\\\/\\\/ch.whiteclaw.com\\\/fr\\\/flavours\\\/\",\"url\":\"https:\\\/\\\/ch.whiteclaw.com\\\/fr\\\/flavours\\\/\",\"name\":\"Saveurs | White Claw\u00ae Hard Seltzer\",\"isPartOf\":{\"@id\":\"https:\\\/\\\/ch.whiteclaw.com\\\/fr\\\/#website\"},\"datePublished\":\"2025-01-28T15:50:52+00:00\",\"dateModified\":\"2025-11-25T09:33:54+00:00\",\"description\":\"D\u00e9couvre notre gamme d\u00e9salt\u00e9rante de saveurs de fruits, notamment Cerise noire, Mangue et Citron vert naturel.\",\"breadcrumb\":{\"@id\":\"https:\\\/\\\/ch.whiteclaw.com\\\/fr\\\/flavours\\\/#breadcrumb\"},\"inLanguage\":\"en-GB\",\"potentialAction\":[{\"@type\":\"ReadAction\",\"target\":[\"https:\\\/\\\/ch.whiteclaw.com\\\/fr\\\/flavours\\\/\"]}]},{\"@type\":\"BreadcrumbList\",\"@id\":\"https:\\\/\\\/ch.whiteclaw.com\\\/fr\\\/flavours\\\/#breadcrumb\",\"itemListElement\":[{\"@type\":\"ListItem\",\"position\":1,\"name\":\"Home\",\"item\":\"https:\\\/\\\/ch.whiteclaw.com\\\/fr\\\/\"},{\"@type\":\"ListItem\",\"position\":2,\"name\":\"Saveurs\"}]},{\"@type\":\"WebSite\",\"@id\":\"https:\\\/\\\/ch.whiteclaw.com\\\/fr\\\/#website\",\"url\":\"https:\\\/\\\/ch.whiteclaw.com\\\/fr\\\/\",\"name\":\"White Claw\u00ae Hard Seltzer\",\"description\":\"Suisse\",\"publisher\":{\"@id\":\"https:\\\/\\\/ch.whiteclaw.com\\\/fr\\\/#organization\"},\"potentialAction\":[{\"@type\":\"SearchAction\",\"target\":{\"@type\":\"EntryPoint\",\"urlTemplate\":\"https:\\\/\\\/ch.whiteclaw.com\\\/fr\\\/?s={search_term_string}\"},\"query-input\":{\"@type\":\"PropertyValueSpecification\",\"valueRequired\":true,\"valueName\":\"search_term_string\"}}],\"inLanguage\":\"en-GB\"},{\"@type\":\"Organization\",\"@id\":\"https:\\\/\\\/ch.whiteclaw.com\\\/fr\\\/#organization\",\"name\":\"White Claw\u00ae Hard Seltzer\",\"url\":\"https:\\\/\\\/ch.whiteclaw.com\\\/fr\\\/\",\"logo\":{\"@type\":\"ImageObject\",\"inLanguage\":\"en-GB\",\"@id\":\"https:\\\/\\\/ch.whiteclaw.com\\\/fr\\\/#\\\/schema\\\/logo\\\/image\\\/\",\"url\":\"https:\\\/\\\/ch.whiteclaw.com\\\/fr\\\/wp-content\\\/uploads\\\/sites\\\/3\\\/2025\\\/05\\\/logo-blk.png\",\"contentUrl\":\"https:\\\/\\\/ch.whiteclaw.com\\\/fr\\\/wp-content\\\/uploads\\\/sites\\\/3\\\/2025\\\/05\\\/logo-blk.png\",\"width\":540,\"height\":536,\"caption\":\"White Claw\u00ae Hard Seltzer\"},\"image\":{\"@id\":\"https:\\\/\\\/ch.whiteclaw.com\\\/fr\\\/#\\\/schema\\\/logo\\\/image\\\/\"}}]}<\/script>\n<!-- \/ Yoast SEO plugin. -->","yoast_head_json":{"title":"Saveurs | White Claw\u00ae Hard Seltzer","description":"D\u00e9couvre notre gamme d\u00e9salt\u00e9rante de saveurs de fruits, notamment Cerise noire, Mangue et Citron vert naturel.","robots":{"index":"index","follow":"follow","max-snippet":"max-snippet:-1","max-image-preview":"max-image-preview:large","max-video-preview":"max-video-preview:-1"},"canonical":"https:\/\/ch.whiteclaw.com\/fr\/flavours\/","og_locale":"en_GB","og_type":"article","og_title":"Saveurs | White Claw\u00ae Hard Seltzer","og_description":"D\u00e9couvre notre gamme d\u00e9salt\u00e9rante de saveurs de fruits, notamment Cerise noire, Mangue et Citron vert naturel.","og_url":"https:\/\/ch.whiteclaw.com\/fr\/flavours\/","og_site_name":"White Claw\u00ae Hard Seltzer","article_modified_time":"2025-11-25T09:33:54+00:00","twitter_card":"summary_large_image","schema":{"@context":"https:\/\/schema.org","@graph":[{"@type":"WebPage","@id":"https:\/\/ch.whiteclaw.com\/fr\/flavours\/","url":"https:\/\/ch.whiteclaw.com\/fr\/flavours\/","name":"Saveurs | White Claw\u00ae Hard Seltzer","isPartOf":{"@id":"https:\/\/ch.whiteclaw.com\/fr\/#website"},"datePublished":"2025-01-28T15:50:52+00:00","dateModified":"2025-11-25T09:33:54+00:00","description":"D\u00e9couvre notre gamme d\u00e9salt\u00e9rante de saveurs de fruits, notamment Cerise noire, Mangue et Citron vert naturel.","breadcrumb":{"@id":"https:\/\/ch.whiteclaw.com\/fr\/flavours\/#breadcrumb"},"inLanguage":"en-GB","potentialAction":[{"@type":"ReadAction","target":["https:\/\/ch.whiteclaw.com\/fr\/flavours\/"]}]},{"@type":"BreadcrumbList","@id":"https:\/\/ch.whiteclaw.com\/fr\/flavours\/#breadcrumb","itemListElement":[{"@type":"ListItem","position":1,"name":"Home","item":"https:\/\/ch.whiteclaw.com\/fr\/"},{"@type":"ListItem","position":2,"name":"Saveurs"}]},{"@type":"WebSite","@id":"https:\/\/ch.whiteclaw.com\/fr\/#website","url":"https:\/\/ch.whiteclaw.com\/fr\/","name":"White Claw\u00ae Hard Seltzer","description":"Suisse","publisher":{"@id":"https:\/\/ch.whiteclaw.com\/fr\/#organization"},"potentialAction":[{"@type":"SearchAction","target":{"@type":"EntryPoint","urlTemplate":"https:\/\/ch.whiteclaw.com\/fr\/?s={search_term_string}"},"query-input":{"@type":"PropertyValueSpecification","valueRequired":true,"valueName":"search_term_string"}}],"inLanguage":"en-GB"},{"@type":"Organization","@id":"https:\/\/ch.whiteclaw.com\/fr\/#organization","name":"White Claw\u00ae Hard Seltzer","url":"https:\/\/ch.whiteclaw.com\/fr\/","logo":{"@type":"ImageObject","inLanguage":"en-GB","@id":"https:\/\/ch.whiteclaw.com\/fr\/#\/schema\/logo\/image\/","url":"https:\/\/ch.whiteclaw.com\/fr\/wp-content\/uploads\/sites\/3\/2025\/05\/logo-blk.png","contentUrl":"https:\/\/ch.whiteclaw.com\/fr\/wp-content\/uploads\/sites\/3\/2025\/05\/logo-blk.png","width":540,"height":536,"caption":"White Claw\u00ae Hard Seltzer"},"image":{"@id":"https:\/\/ch.whiteclaw.com\/fr\/#\/schema\/logo\/image\/"}}]}},"_links":{"self":[{"href":"https:\/\/ch.whiteclaw.com\/fr\/wp-json\/wp\/v2\/pages\/23","targetHints":{"allow":["GET"]}}],"collection":[{"href":"https:\/\/ch.whiteclaw.com\/fr\/wp-json\/wp\/v2\/pages"}],"about":[{"href":"https:\/\/ch.whiteclaw.com\/fr\/wp-json\/wp\/v2\/types\/page"}],"author":[{"embeddable":true,"href":"https:\/\/ch.whiteclaw.com\/fr\/wp-json\/wp\/v2\/users\/2"}],"replies":[{"embeddable":true,"href":"https:\/\/ch.whiteclaw.com\/fr\/wp-json\/wp\/v2\/comments?post=23"}],"version-history":[{"count":0,"href":"https:\/\/ch.whiteclaw.com\/fr\/wp-json\/wp\/v2\/pages\/23\/revisions"}],"wp:attachment":[{"href":"https:\/\/ch.whiteclaw.com\/fr\/wp-json\/wp\/v2\/media?parent=23"}],"curies":[{"name":"wp","href":"https:\/\/api.w.org\/{rel}","templated":true}]}}