{"id":26,"date":"2025-01-28T09:51:31","date_gmt":"2025-01-28T15:51:31","guid":{"rendered":"https:\/\/wcbestg.wpenginepowered.com\/?page_id=26"},"modified":"2026-03-31T10:06:12","modified_gmt":"2026-03-31T15:06:12","slug":"terms-and-conditions","status":"publish","type":"page","link":"https:\/\/ch.whiteclaw.com\/fr\/terms-and-conditions\/","title":{"rendered":"CONDITIONS G\u00c9N\u00c9RALES"},"content":{"rendered":"<section class=\"hero hero-section__splash-page position-relative wp-block-markanthonygroup-inner-hero-banner\">\n\t\t\t<div class=\"inside-hero\">\n\t\t\t\t\t\t<picture class=\"inside-hero__bg-img\">\n\t\t\t\t\t\t\t\t\t<source\n\t\t\t\t\t\tsrcset=\"https:\/\/ch.whiteclaw.com\/fr\/wp-content\/uploads\/sites\/3\/2025\/10\/lets-bg-pages.webp\"\n\t\t\t\t\t\tmedia=\"(min-width: 1025px)\">\n\t\t\t\t\n\t\t\t\t\n\t\t\t\t\n\t\t\t\t<img\n\t\t\t\t\tsrc=\"https:\/\/ch.whiteclaw.com\/fr\/wp-content\/uploads\/sites\/3\/2025\/10\/lets-bg-pages.webp\"\n\t\t\t\t\talt=\"\"\n\t\t\t\t\tclass=\"inside-hero__bg-img\"\n\t\t\t\t\tloading=\"eager\" \/>\n\t\t\t<\/picture>\n\t\t\t\t\t\t<div class=\"overlay\"><\/div>\n\t\t<\/div>\n\n\n\t\t<\/section>\n\n\n<div class=\"wp-block-group has-global-padding is-layout-constrained wp-block-group-is-layout-constrained\">\n<h1 class=\"wp-block-heading has-text-align-center\">CONDITIONS G\u00c9N\u00c9RALES<\/h1>\n\n\n\n<p>Veuillez lire attentivement les pr\u00e9sentes conditions d&#8217;utilisation d\u00e9finissant les lignes directrices \u00e0 partir desquelles vous \u00eates autoris\u00e9 \u00e0 utiliser ce site internet. Vous ne devez pas utiliser le site internet si vous n&#8217;\u00eates pas d&#8217;accord avec ces conditions d&#8217;utilisation. En utilisant notre site internet, vous confirmez que vous acceptez ces conditions d&#8217;utilisation et que vous vous engagez \u00e0 les respecter. Si vous avez des questions \u00e0 leur sujet, veuillez contacter le service client\u00e8le \u00e0 l&#8217;adresse&nbsp;<a href=\"mailto:info@markanthonyintl.com\">info@markanthonyintl.com<\/a>&nbsp;avant toute utilisation de ce site internet.<\/p>\n\n\n\n<p>Notre site est destin\u00e9 aux personnes \u00e2g\u00e9es de dix-huit (18) ans ou plus r\u00e9sidant en Suisse. Nous ne d\u00e9clarons pas que ces conditions ou le contenu disponible sur ou via notre site sont appropri\u00e9s ou disponibles dans d&#8217;autres endroits. Vous acceptez de ne pas utiliser le site internet ou de ne pas faire ou permettre que le site internet soit utilis\u00e9 si tout mat\u00e9riel sur ce site internet, votre utilisation de ce site internet, ou les produits annonc\u00e9s sur ce site internet, est contraire aux lois de la juridiction dans laquelle vous vous trouvez. Si tel est le cas, ce site internet n&#8217;est pas destin\u00e9 \u00e0 votre usage et nous vous demandons de ne pas l&#8217;utiliser.<\/p>\n\n\n\n<p>Nous nous r\u00e9servons le droit de modifier ou de mettre \u00e0 jour ces conditions d&#8217;utilisation de temps \u00e0 autre. Veuillez consulter ces conditions d&#8217;utilisation chaque fois que vous visitez notre site internet afin de vous assurer que vous \u00eates au courant des conditions qui r\u00e9gissent votre utilisation du site internet.<\/p>\n\n\n\n<h3 class=\"wp-block-heading\">Qui sommes-nous ?<\/h3>\n\n\n\n<p>Les pr\u00e9sentes conditions d&#8217;utilisation concernent notre site internet \u00e0 l&#8217;adresse ch.whiteclaw.com. Nous sommes Mark Anthony Brands International Unlimited Company, une soci\u00e9t\u00e9 immatricul\u00e9e aupr\u00e8s du Bureau des immatriculations de soci\u00e9t\u00e9s en Irlande. Notre si\u00e8ge social est sis 4th Floor, Donnybrook House, 36 &#8211; 42, Donnybrook Road, Dublin D04 WN49 et notre num\u00e9ro d&#8217;immatriculation est le 625558. Notre num\u00e9ro de TVA est le 3542926LH.<\/p>\n\n\n\n<p>Vous pouvez nous contacter par courrier \u00e9lectronique \u00e0&nbsp;<a href=\"mailto:info@markanthonyintl.com\">info@markanthonyintl.com<\/a><\/p>\n\n\n\n<h3 class=\"wp-block-heading\">Utilisation de notre site internet<\/h3>\n\n\n\n<p>Vous ne devez pas utiliser ce site internet si vous n&#8217;\u00eates pas \u00e2g\u00e9 d&#8217;au moins dix-huit (18) ans. Si vous avez moins de dix-huit (18) ans, veuillez quitter le site internet imm\u00e9diatement. Vous acceptez de ne pas contourner les mesures techniques que nous utilisons pour garantir que le site internet est conforme \u00e0 la l\u00e9gislation et \u00e0 la r\u00e9glementation applicables.<\/p>\n\n\n\n<p>Vous pouvez utiliser ce site internet pour votre usage personnel et non commercial. Nous pouvons apporter des modifications au site internet de fa\u00e7on ponctuelle. Nous ne pouvons pas garantir que le site internet ou tout contenu y \u00e9tant int\u00e9gr\u00e9 ou auquel il donne acc\u00e8s sera toujours disponible ou ininterrompu ou restera le m\u00eame ; nous pouvons le modifier pour l&#8217;am\u00e9liorer ou pour refl\u00e9ter les changements apport\u00e9s \u00e0 nos produits et \u00e0 nos professionnels. Nous nous r\u00e9servons le droit de suspendre l&#8217;utilisation du site internet en g\u00e9n\u00e9ral ou de bloquer votre acc\u00e8s \u00e0 toute partie du site internet si nous soup\u00e7onnons une utilisation abusive. Nous nous r\u00e9servons \u00e9galement le droit de divulguer toute information que nous d\u00e9tenons concernant votre identit\u00e9 et toute preuve dont nous disposons et qui est li\u00e9e directement ou indirectement \u00e0 une utilisation abusive de ce site internet. Dans le cas o\u00f9 votre utilisation abusive constituerait une infraction p\u00e9nale, nous signalerons cette infraction aux autorit\u00e9s comp\u00e9tentes charg\u00e9es de l&#8217;application de la loi et nous coop\u00e9rerons avec ces autorit\u00e9s en leur divulguant toute information que nous d\u00e9tenons concernant votre identit\u00e9.<\/p>\n\n\n\n<p>Nous ne pouvons pas garantir que ce site internet ou tout contenu qui s&#8217;y trouve ou qui est accessible \u00e0 partir de celui-ci sera :<\/p>\n\n\n\n<ul class=\"wp-block-list\" class=\"wp-block-list wp-block-list\">\n<li class=\"wp-block-list-item\">compatible avec tout ou partie du mat\u00e9riel et des logiciels que vous pouvez utiliser ;<\/li>\n\n\n\n<li class=\"wp-block-list-item\">disponible en permanence ou \u00e0 un moment pr\u00e9cis ;<\/li>\n\n\n\n<li class=\"wp-block-list-item\">exactes, compl\u00e8tes et \u00e0 jour ; ou<\/li>\n\n\n\n<li class=\"wp-block-list-item\">s\u00e9curis\u00e9 ou exempt de dysfonctionnements ou de virus.<\/li>\n<\/ul>\n\n\n\n<p>Notre site internet est mis \u00e0 disposition gratuitement. Les informations contenues sur ce site sont donn\u00e9es \u00e0 des fins d&#8217;information et d&#8217;int\u00e9r\u00eat g\u00e9n\u00e9ral uniquement ; il en va donc de votre bon sens de ne pas vous y fier sans vous faire votre propre opinion. Nous vous recommandons donc de chercher d&#8217;autres conseils ou d&#8217;autres orientations avant d&#8217;entreprendre toute action bas\u00e9e sur les informations contenues sur ce site internet.<\/p>\n\n\n\n<p>Nous ne sommes pas responsables du contenu ou des opinions publi\u00e9s sur toute forme de m\u00e9dia social ou autre forum accessible par le biais de notre site internet, \u00e0 moins que nous n&#8217;ayons nous-m\u00eames publi\u00e9 ce contenu. Nous aurons le droit (et non l&#8217;obligation) de supprimer tout contenu ou opinion publi\u00e9s sur nos r\u00e9seaux sociaux ou autres forums pour quelque raison que ce soit. Ce site internet et son contenu (y compris nos marques commerciales) sont prot\u00e9g\u00e9s par des droits de propri\u00e9t\u00e9 intellectuelle et nous appartiennent ou font l&#8217;objet d&#8217;une licence d&#8217;utilisation. Vous ne pouvez pas les copier ou les utiliser pour quelque raison que ce soit sans notre consentement \u00e9crit pr\u00e9alable.<\/p>\n\n\n\n<h3 class=\"wp-block-heading\">Notre politique de confidentialit\u00e9 et de cookies<\/h3>\n\n\n\n<p>Pour plus d&#8217;informations sur la mani\u00e8re dont nous recueillons et utilisons les donn\u00e9es personnelles (y compris les informations recueillies par le biais de ce site internet), veuillez consulter notre&nbsp;<a href=\"https:\/\/ch.whiteclaw.com\/fr\/privacy\/\">politique de confidentialit\u00e9<\/a>.<\/p>\n\n\n\n<p>Pour plus d&#8217;informations sur le type de cookies que nous utilisons sur notre site internet et sur la mani\u00e8re dont vous pouvez d\u00e9finir vos pr\u00e9f\u00e9rences en mati\u00e8re de cookies, veuillez consulter notre&nbsp;<a href=\"https:\/\/ch.whiteclaw.com\/fr\/privacy\/#cookies\">politique d\u2019utilisation des cookies<\/a>.<\/p>\n\n\n\n<h3 class=\"wp-block-heading\">Votre conduite<\/h3>\n\n\n\n<p>Vous ne devez pas :<\/p>\n\n\n\n<ul class=\"wp-block-list\" class=\"wp-block-list wp-block-list\">\n<li class=\"wp-block-list-item\">t\u00e9l\u00e9charger, afficher, envoyer par courrier \u00e9lectronique ou transmettre de toute autre mani\u00e8re tout mat\u00e9riel contenant des virus ou tout autre code informatique, fichier ou programme con\u00e7u pour interrompre, d\u00e9truire ou limiter la fonctionnalit\u00e9 de tout logiciel ou mat\u00e9riel informatique ou \u00e9quipement de t\u00e9l\u00e9communications associ\u00e9 au site internet ;<\/li>\n\n\n\n<li class=\"wp-block-list-item\">d&#8217;interf\u00e9rer avec les serveurs ou les r\u00e9seaux connect\u00e9s au site internet ou d&#8217;enfreindre les proc\u00e9dures, politiques ou r\u00e9glementations des r\u00e9seaux connect\u00e9s au site internet ;<\/li>\n\n\n\n<li class=\"wp-block-list-item\">usurper l&#8217;identit\u00e9 de toute autre personne lors de l&#8217;utilisation du site internet ;<\/li>\n\n\n\n<li class=\"wp-block-list-item\">vous comporter de mani\u00e8re vulgaire, offensante, harcelante ou r\u00e9pr\u00e9hensible lors de l&#8217;utilisation du site internet ;<\/li>\n\n\n\n<li class=\"wp-block-list-item\">soumettre ou publier de toute autre mani\u00e8re, par le biais du site internet ou sur tout r\u00e9seau social ou autre forum accessible \u00e0 partir de celui-ci, tout mat\u00e9riel ou contenu diffamatoire, offensant, pornographique, abusif ou mena\u00e7ant ou d\u00e9crivant toute activit\u00e9 ill\u00e9gale ou faisant la publicit\u00e9 de tout bien ou service ;<\/li>\n\n\n\n<li class=\"wp-block-list-item\">soumettre ou publier de toute autre mani\u00e8re, par le biais du site internet ou sur tout r\u00e9seau social ou autre forum accessible \u00e0 partir de celui-ci, tout mat\u00e9riel ou contenu qui enfreint les droits de propri\u00e9t\u00e9 intellectuelle d&#8217;un tiers ;<\/li>\n\n\n\n<li class=\"wp-block-list-item\">utiliser le site internet \u00e0 des fins ill\u00e9gales ; ou<\/li>\n\n\n\n<li class=\"wp-block-list-item\">revendre, sous-licencier ou exporter le logiciel associ\u00e9 au site internet.<\/li>\n<\/ul>\n\n\n\n<h3 class=\"wp-block-heading\">Contributions<\/h3>\n\n\n\n<p>Vous acceptez que tout commentaire, toute suggestion ou tout retour d&#8217;information concernant notre site internet ou nos produits que vous partagez avec nous par le biais de ce site internet (ou par le biais de tout autre forum auquel vous avez acc\u00e8s \u00e0 partir de ce site internet, y compris nos forums sur r\u00e9seaux sociaux, nos adresses \u00e9lectroniques ou postales) puisse \u00eatre utilis\u00e9 ou publi\u00e9 par nous pour d\u00e9velopper, am\u00e9liorer ou commercialiser notre site internet ou nos produits sans votre autorisation, en Irlande et ailleurs dans le monde, \u00e0 condition que dans le contexte de la commercialisation, nous n&#8217;utilisions ces commentaires, suggestions ou retours d&#8217;information que sur une base anonyme.<\/p>\n\n\n\n<h3 class=\"wp-block-heading\">Notre responsabilit\u00e9 envers vous<\/h3>\n\n\n\n<p>Les pr\u00e9sentes conditions d&#8217;utilisation n&#8217;excluent pas notre responsabilit\u00e9 (le cas \u00e9ch\u00e9ant) \u00e0 votre \u00e9gard concernant :<\/p>\n\n\n\n<ul class=\"wp-block-list\" class=\"wp-block-list wp-block-list\">\n<li class=\"wp-block-list-item\">les dommages corporels ou la mort r\u00e9sultant de notre n\u00e9gligence ;<\/li>\n\n\n\n<li class=\"wp-block-list-item\">la fraude ; ou<\/li>\n\n\n\n<li class=\"wp-block-list-item\">toute question qu&#8217;il serait ill\u00e9gal pour nous d&#8217;exclure ou de tenter d&#8217;exclure de notre responsabilit\u00e9.<\/li>\n<\/ul>\n\n\n\n<p>Notre responsabilit\u00e9 saurait \u00eatre engag\u00e9e \u00e0 votre \u00e9gard uniquement dans le cas o\u00f9 vous auriez subi des pertes en cons\u00e9quence directe de notre violation des pr\u00e9sentes conditions d&#8217;utilisation et qui sont pr\u00e9visibles dans la mesure du raisonnable. Nous ne sommes pas responsables des pertes commerciales (y compris, mais sans s&#8217;y limiter, les pertes de b\u00e9n\u00e9fices, les pertes de revenus, les interruptions d&#8217;activit\u00e9 ou les pertes de donn\u00e9es) ou des pertes ou dommages indirects ou cons\u00e9cutifs que vous pouvez subir ou encourir en rapport avec l&#8217;utilisation ou l&#8217;incapacit\u00e9 d&#8217;utiliser notre site internet, tout mat\u00e9riel publi\u00e9 ou accessible sur celui-ci ou tout site internet li\u00e9 \u00e0 celui-ci.<\/p>\n\n\n\n<p>Vous pouvez jouir d&#8217;autres droits pr\u00e9vus par la loi qui ne sauraient p\u00e2tir des pr\u00e9sentes conditions d&#8217;utilisation, sauf si les deux sont incompatibles. Si tel est le cas, les pr\u00e9sentes conditions d&#8217;utilisation pr\u00e9vaudront sur tous les autres droits que vous pouvez avoir, \u00e0 moins que la loi ne l&#8217;autorise pas.<\/p>\n\n\n\n<h3 class=\"wp-block-heading\">Lien vers\u2026<\/h3>\n\n\n\n<p>Nous pouvons \u00eatre amen\u00e9s \u00e0 cr\u00e9er des liens vers d&#8217;autres sites web. Dans ce cas, nous nous efforcerons d&#8217;indiquer aussi clairement que possible que vous quittez notre site. Nous ne sommes en aucun cas responsables de ces sites Web et nous ne les approuvons pas. Votre utilisation de ces sites sera r\u00e9gie par les conditions d&#8217;utilisation de ces sites. Vous devez v\u00e9rifier les conditions et la politique de confidentialit\u00e9 de chaque site internet lorsque vous le visitez.<\/p>\n\n\n\n<p>Vous ne pouvez pas cr\u00e9er un lien vers ce site internet \u00e0 partir d&#8217;un autre site internet sans notre consentement \u00e9crit pr\u00e9alable.<\/p>\n\n\n\n<h3 class=\"wp-block-heading\">Notre contrat<\/h3>\n\n\n\n<p>Les pr\u00e9sentes conditions d&#8217;utilisation ne concernent que votre acc\u00e8s \u00e0 ce site internet.<\/p>\n\n\n\n<p>Veuillez noter que nous ne conservons pas n\u00e9cessairement une copie des pr\u00e9sentes conditions d&#8217;utilisation. Nous vous conseillons d&#8217;imprimer une copie pour pouvoir vous y reporter \u00e0 l\u2019avenir. Vous pouvez t\u00e9l\u00e9charger une version pdf de ces conditions d&#8217;utilisation en cliquant \u00a0<a href=\"https:\/\/ch.whiteclaw.com\/wp-content\/uploads\/2025\/11\/white-claw-switzerland-terms-french.pdf\" target=\"_blank\" rel=\"noreferrer noopener\">ici<\/a>.<\/p>\n\n\n\n<p>Notre contrat et toutes les communications avec nous se feront en anglais et en allemand.<\/p>\n\n\n\n<h3 class=\"wp-block-heading\">Litiges<\/h3>\n\n\n\n<p>Si vous avez une plainte \u00e0 formuler au sujet de ce site internet ou de l&#8217;un des biens ou services que nous fournissons, vous devez contacter le service client\u00e8le \u00e0 l&#8217;adresse. Nous nous efforcerons d\u2019y r\u00e9pondre et d\u2019y rem\u00e9dier dans les meilleurs d\u00e9lais. Toutefois, en cas de litige concernant votre utilisation du site internet ou les pr\u00e9sentes conditions d&#8217;utilisation, les tribunaux appliqueront le droit suisse pour trancher ce litige. Si vous souhaitez engager une action en justice contre nous, vous et nous acceptons tous deux que l\u2019affaire rel\u00e8vera exclusivement de la comp\u00e9tence des tribunaux de Suisse. Les dispositions obligatoires demeurent r\u00e9serv\u00e9es.<\/p>\n<\/div>\n","protected":false},"excerpt":{"rendered":"<p>CONDITIONS G\u00c9N\u00c9RALES Veuillez lire attentivement les pr\u00e9sentes conditions d&#8217;utilisation d\u00e9finissant les lignes directrices \u00e0 partir desquelles vous \u00eates autoris\u00e9 \u00e0 utiliser ce site internet. Vous ne devez pas utiliser le site internet si vous n&#8217;\u00eates pas d&#8217;accord avec ces conditions d&#8217;utilisation. En utilisant notre site internet, vous confirmez que vous acceptez ces conditions d&#8217;utilisation et [&hellip;]<\/p>\n","protected":false},"author":2,"featured_media":0,"parent":0,"menu_order":0,"comment_status":"closed","ping_status":"closed","template":"","meta":{"_acf_changed":false,"inline_featured_image":false,"footnotes":""},"class_list":["post-26","page","type-page","status-publish","hentry"],"acf":[],"yoast_head":"<!-- This site is optimized with the Yoast SEO plugin v27.3 - https:\/\/yoast.com\/product\/yoast-seo-wordpress\/ -->\n<title>Conditions g\u00e9n\u00e9rales | White Claw\u00ae Hard Seltzer<\/title>\n<meta name=\"description\" content=\"Conditions g\u00e9n\u00e9rales du site Internet de White Claw\u00ae Hard Seltzer.\" \/>\n<meta name=\"robots\" content=\"index, follow, max-snippet:-1, max-image-preview:large, max-video-preview:-1\" \/>\n<link rel=\"canonical\" href=\"https:\/\/ch.whiteclaw.com\/fr\/terms-and-conditions\/\" \/>\n<meta property=\"og:locale\" content=\"en_GB\" \/>\n<meta property=\"og:type\" content=\"article\" \/>\n<meta property=\"og:title\" content=\"Conditions g\u00e9n\u00e9rales | White Claw\u00ae Hard Seltzer\" \/>\n<meta property=\"og:description\" content=\"Conditions g\u00e9n\u00e9rales du site Internet de White Claw\u00ae Hard Seltzer.\" \/>\n<meta property=\"og:url\" content=\"https:\/\/ch.whiteclaw.com\/fr\/terms-and-conditions\/\" \/>\n<meta property=\"og:site_name\" content=\"White Claw\u00ae Hard Seltzer\" \/>\n<meta property=\"article:modified_time\" content=\"2026-03-31T15:06:12+00:00\" \/>\n<meta name=\"twitter:card\" content=\"summary_large_image\" \/>\n<meta name=\"twitter:label1\" content=\"Est. reading time\" \/>\n\t<meta name=\"twitter:data1\" content=\"8 minutes\" \/>\n<script type=\"application\/ld+json\" class=\"yoast-schema-graph\">{\"@context\":\"https:\\\/\\\/schema.org\",\"@graph\":[{\"@type\":\"WebPage\",\"@id\":\"https:\\\/\\\/ch.whiteclaw.com\\\/fr\\\/terms-and-conditions\\\/\",\"url\":\"https:\\\/\\\/ch.whiteclaw.com\\\/fr\\\/terms-and-conditions\\\/\",\"name\":\"Conditions g\u00e9n\u00e9rales | White Claw\u00ae Hard Seltzer\",\"isPartOf\":{\"@id\":\"https:\\\/\\\/ch.whiteclaw.com\\\/fr\\\/#website\"},\"datePublished\":\"2025-01-28T15:51:31+00:00\",\"dateModified\":\"2026-03-31T15:06:12+00:00\",\"description\":\"Conditions g\u00e9n\u00e9rales du site Internet de White Claw\u00ae Hard Seltzer.\",\"breadcrumb\":{\"@id\":\"https:\\\/\\\/ch.whiteclaw.com\\\/fr\\\/terms-and-conditions\\\/#breadcrumb\"},\"inLanguage\":\"en-GB\",\"potentialAction\":[{\"@type\":\"ReadAction\",\"target\":[\"https:\\\/\\\/ch.whiteclaw.com\\\/fr\\\/terms-and-conditions\\\/\"]}]},{\"@type\":\"BreadcrumbList\",\"@id\":\"https:\\\/\\\/ch.whiteclaw.com\\\/fr\\\/terms-and-conditions\\\/#breadcrumb\",\"itemListElement\":[{\"@type\":\"ListItem\",\"position\":1,\"name\":\"Home\",\"item\":\"https:\\\/\\\/ch.whiteclaw.com\\\/fr\\\/\"},{\"@type\":\"ListItem\",\"position\":2,\"name\":\"CONDITIONS G\u00c9N\u00c9RALES\"}]},{\"@type\":\"WebSite\",\"@id\":\"https:\\\/\\\/ch.whiteclaw.com\\\/fr\\\/#website\",\"url\":\"https:\\\/\\\/ch.whiteclaw.com\\\/fr\\\/\",\"name\":\"White Claw\u00ae Hard Seltzer\",\"description\":\"Suisse\",\"publisher\":{\"@id\":\"https:\\\/\\\/ch.whiteclaw.com\\\/fr\\\/#organization\"},\"potentialAction\":[{\"@type\":\"SearchAction\",\"target\":{\"@type\":\"EntryPoint\",\"urlTemplate\":\"https:\\\/\\\/ch.whiteclaw.com\\\/fr\\\/?s={search_term_string}\"},\"query-input\":{\"@type\":\"PropertyValueSpecification\",\"valueRequired\":true,\"valueName\":\"search_term_string\"}}],\"inLanguage\":\"en-GB\"},{\"@type\":\"Organization\",\"@id\":\"https:\\\/\\\/ch.whiteclaw.com\\\/fr\\\/#organization\",\"name\":\"White Claw\u00ae Hard Seltzer\",\"url\":\"https:\\\/\\\/ch.whiteclaw.com\\\/fr\\\/\",\"logo\":{\"@type\":\"ImageObject\",\"inLanguage\":\"en-GB\",\"@id\":\"https:\\\/\\\/ch.whiteclaw.com\\\/fr\\\/#\\\/schema\\\/logo\\\/image\\\/\",\"url\":\"https:\\\/\\\/ch.whiteclaw.com\\\/fr\\\/wp-content\\\/uploads\\\/sites\\\/3\\\/2025\\\/05\\\/logo-blk.png\",\"contentUrl\":\"https:\\\/\\\/ch.whiteclaw.com\\\/fr\\\/wp-content\\\/uploads\\\/sites\\\/3\\\/2025\\\/05\\\/logo-blk.png\",\"width\":540,\"height\":536,\"caption\":\"White Claw\u00ae Hard Seltzer\"},\"image\":{\"@id\":\"https:\\\/\\\/ch.whiteclaw.com\\\/fr\\\/#\\\/schema\\\/logo\\\/image\\\/\"}}]}<\/script>\n<!-- \/ Yoast SEO plugin. -->","yoast_head_json":{"title":"Conditions g\u00e9n\u00e9rales | White Claw\u00ae Hard Seltzer","description":"Conditions g\u00e9n\u00e9rales du site Internet de White Claw\u00ae Hard Seltzer.","robots":{"index":"index","follow":"follow","max-snippet":"max-snippet:-1","max-image-preview":"max-image-preview:large","max-video-preview":"max-video-preview:-1"},"canonical":"https:\/\/ch.whiteclaw.com\/fr\/terms-and-conditions\/","og_locale":"en_GB","og_type":"article","og_title":"Conditions g\u00e9n\u00e9rales | White Claw\u00ae Hard Seltzer","og_description":"Conditions g\u00e9n\u00e9rales du site Internet de White Claw\u00ae Hard Seltzer.","og_url":"https:\/\/ch.whiteclaw.com\/fr\/terms-and-conditions\/","og_site_name":"White Claw\u00ae Hard Seltzer","article_modified_time":"2026-03-31T15:06:12+00:00","twitter_card":"summary_large_image","twitter_misc":{"Est. reading time":"8 minutes"},"schema":{"@context":"https:\/\/schema.org","@graph":[{"@type":"WebPage","@id":"https:\/\/ch.whiteclaw.com\/fr\/terms-and-conditions\/","url":"https:\/\/ch.whiteclaw.com\/fr\/terms-and-conditions\/","name":"Conditions g\u00e9n\u00e9rales | White Claw\u00ae Hard Seltzer","isPartOf":{"@id":"https:\/\/ch.whiteclaw.com\/fr\/#website"},"datePublished":"2025-01-28T15:51:31+00:00","dateModified":"2026-03-31T15:06:12+00:00","description":"Conditions g\u00e9n\u00e9rales du site Internet de White Claw\u00ae Hard Seltzer.","breadcrumb":{"@id":"https:\/\/ch.whiteclaw.com\/fr\/terms-and-conditions\/#breadcrumb"},"inLanguage":"en-GB","potentialAction":[{"@type":"ReadAction","target":["https:\/\/ch.whiteclaw.com\/fr\/terms-and-conditions\/"]}]},{"@type":"BreadcrumbList","@id":"https:\/\/ch.whiteclaw.com\/fr\/terms-and-conditions\/#breadcrumb","itemListElement":[{"@type":"ListItem","position":1,"name":"Home","item":"https:\/\/ch.whiteclaw.com\/fr\/"},{"@type":"ListItem","position":2,"name":"CONDITIONS G\u00c9N\u00c9RALES"}]},{"@type":"WebSite","@id":"https:\/\/ch.whiteclaw.com\/fr\/#website","url":"https:\/\/ch.whiteclaw.com\/fr\/","name":"White Claw\u00ae Hard Seltzer","description":"Suisse","publisher":{"@id":"https:\/\/ch.whiteclaw.com\/fr\/#organization"},"potentialAction":[{"@type":"SearchAction","target":{"@type":"EntryPoint","urlTemplate":"https:\/\/ch.whiteclaw.com\/fr\/?s={search_term_string}"},"query-input":{"@type":"PropertyValueSpecification","valueRequired":true,"valueName":"search_term_string"}}],"inLanguage":"en-GB"},{"@type":"Organization","@id":"https:\/\/ch.whiteclaw.com\/fr\/#organization","name":"White Claw\u00ae Hard Seltzer","url":"https:\/\/ch.whiteclaw.com\/fr\/","logo":{"@type":"ImageObject","inLanguage":"en-GB","@id":"https:\/\/ch.whiteclaw.com\/fr\/#\/schema\/logo\/image\/","url":"https:\/\/ch.whiteclaw.com\/fr\/wp-content\/uploads\/sites\/3\/2025\/05\/logo-blk.png","contentUrl":"https:\/\/ch.whiteclaw.com\/fr\/wp-content\/uploads\/sites\/3\/2025\/05\/logo-blk.png","width":540,"height":536,"caption":"White Claw\u00ae Hard Seltzer"},"image":{"@id":"https:\/\/ch.whiteclaw.com\/fr\/#\/schema\/logo\/image\/"}}]}},"_links":{"self":[{"href":"https:\/\/ch.whiteclaw.com\/fr\/wp-json\/wp\/v2\/pages\/26","targetHints":{"allow":["GET"]}}],"collection":[{"href":"https:\/\/ch.whiteclaw.com\/fr\/wp-json\/wp\/v2\/pages"}],"about":[{"href":"https:\/\/ch.whiteclaw.com\/fr\/wp-json\/wp\/v2\/types\/page"}],"author":[{"embeddable":true,"href":"https:\/\/ch.whiteclaw.com\/fr\/wp-json\/wp\/v2\/users\/2"}],"replies":[{"embeddable":true,"href":"https:\/\/ch.whiteclaw.com\/fr\/wp-json\/wp\/v2\/comments?post=26"}],"version-history":[{"count":1,"href":"https:\/\/ch.whiteclaw.com\/fr\/wp-json\/wp\/v2\/pages\/26\/revisions"}],"predecessor-version":[{"id":948,"href":"https:\/\/ch.whiteclaw.com\/fr\/wp-json\/wp\/v2\/pages\/26\/revisions\/948"}],"wp:attachment":[{"href":"https:\/\/ch.whiteclaw.com\/fr\/wp-json\/wp\/v2\/media?parent=26"}],"curies":[{"name":"wp","href":"https:\/\/api.w.org\/{rel}","templated":true}]}}