{"id":660,"date":"2025-05-26T06:11:28","date_gmt":"2025-05-26T11:11:28","guid":{"rendered":"https:\/\/wcbestg.wpenginepowered.com\/?page_id=660"},"modified":"2025-10-14T01:03:09","modified_gmt":"2025-10-14T06:03:09","slug":"third-party-cookies","status":"publish","type":"page","link":"https:\/\/ch.whiteclaw.com\/fr\/third-party-cookies\/","title":{"rendered":"Third party cookies"},"content":{"rendered":"<section class=\"hero hero-section__splash-page position-relative wp-block-markanthonygroup-inner-hero-banner\">\n\t\t\t<div class=\"inside-hero\">\n\t\t\t\t\t\t<picture class=\"inside-hero__bg-img\">\n\t\t\t\t\t\t\t\t\t<source\n\t\t\t\t\t\tsrcset=\"https:\/\/ch.whiteclaw.com\/fr\/wp-content\/uploads\/sites\/3\/2025\/10\/lets-bg-pages.webp\"\n\t\t\t\t\t\tmedia=\"(min-width: 1025px)\">\n\t\t\t\t\n\t\t\t\t\t\t\t\t\t<source\n\t\t\t\t\t\tsrcset=\"https:\/\/ch.whiteclaw.com\/fr\/wp-content\/uploads\/sites\/3\/2025\/10\/lets-bg-pages.webp\"\n\t\t\t\t\t\tmedia=\"(min-width: 768px) and (max-width: 1024px)\">\n\t\t\t\t\n\t\t\t\t\t\t\t\t\t<source\n\t\t\t\t\t\tsrcset=\"https:\/\/ch.whiteclaw.com\/fr\/wp-content\/uploads\/sites\/3\/2025\/10\/lets-bg-pages.webp\"\n\t\t\t\t\t\tmedia=\"(max-width: 767px)\">\n\t\t\t\t\n\t\t\t\t<img\n\t\t\t\t\tsrc=\"https:\/\/ch.whiteclaw.com\/fr\/wp-content\/uploads\/sites\/3\/2025\/10\/lets-bg-pages.webp\"\n\t\t\t\t\talt=\"\"\n\t\t\t\t\tclass=\"inside-hero__bg-img\"\n\t\t\t\t\tloading=\"eager\" \/>\n\t\t\t<\/picture>\n\t\t\t\t\t\t<div class=\"overlay\"><\/div>\n\t\t<\/div>\n\n\n\t\t<\/section>\n\n\n<div class=\"third-party-cookies wp-block-markanthonygroup-third-party-cookies\">\n    <div class=\"container-fluid inside-content-row\">\n        <div class=\"row\">\n            <div class=\"col-md-12\">\n                <div class=\"container inside-content\">\n                    <div class=\"row\">\n                        <div class=\"col-md-12\">\n                            <div class=\"row\">\n                                <div class=\"col-md-12\">\n                                    <h1>T\u00e9moins tiers<\/h1>\n                                <\/div>\n                                <div class=\"col-md-12\">\n                                    <table class=\"tpc-table\">\n                                        <tbody>\n                                            <tr class=\"tpc-table__header\">\n                                                <th><strong>Nom<\/strong><\/th>\n                                                <th><strong>Fournisseurs de services<\/strong><\/th>\n                                                <th><strong>Description<\/strong><\/th>\n                                                <th><strong>Politique relative aux t\u00e9moins de tierce partie et \u00e0 la protection de la vie priv\u00e9e<\/strong><\/th>\n                                            <\/tr>\n                                            \n\n<tr class=\"tpc-table__row\">\n    <td data-title=\"Nom\">__cf_bm<\/td>\n    <td data-title=\"Fournisseurs de services\">Cloud Flare<\/td>\n    <td data-title=\"Description\">Cloudflare place le t\u00e9moin __cf_bm sur les appareils des utilisateurs finaux qui acc\u00e8dent \u00e0 des sites prot\u00e9g\u00e9s par Bot Management ou Bot Fight Mode. Ce t\u00e9moin, qui fait partie du service Bot Management de Cloudflare, aide \u00e0 g\u00e9rer le trafic entrant qui correspond aux crit\u00e8res associ\u00e9s aux robots de recherche. T\u00e9moin n\u00e9cessaire \u00e0 l&#8217;utilisation des fonctionnalit\u00e9s et des services du site Web.<\/td>\n    <td data-title=\"Politique relative aux t\u00e9moins de tierce partie et \u00e0 la protection de la vie priv\u00e9e\">\n        <a href=\"\" target=\"_blank\" rel=\"noopener\">\n            <a href=\"https:\/\/www.cloudflare.com\/cookie-policy\/\" target=\"_blank\" rel=\"noreferrer noopener\"><a href=\"https:\/\/www.cloudflare.com\/cookie-policy\/\" target=\"_blank\" rel=\"noreferrer noopener\">https:\/\/www.cloudflare.com\/cookie-policy\/<\/a><\/a>        <\/a>\n    <\/td>\n<\/tr>\n\n\n<tr class=\"tpc-table__row\">\n    <td data-title=\"Nom\">__Secure-ROLLOUT_TOKEN<\/td>\n    <td data-title=\"Fournisseurs de services\">YouTube<\/td>\n    <td data-title=\"Description\">Le t\u00e9moin __Secure-ROLLOUT_TOKEN est utilis\u00e9 par YouTube pour g\u00e9rer le d\u00e9ploiement progressif des nouvelles fonctionnalit\u00e9s et mises \u00e0 jour.<\/td>\n    <td data-title=\"Politique relative aux t\u00e9moins de tierce partie et \u00e0 la protection de la vie priv\u00e9e\">\n        <a href=\"\" target=\"_blank\" rel=\"noopener\">\n            <a href=\"https:\/\/www.activecampaign.com\/legal\/cookie-policy\" target=\"_blank\" rel=\"noreferrer noopener\"><a href=\"https:\/\/policies.google.com\/technologies\/cookies\" target=\"_blank\" rel=\"noreferrer noopener\">https:\/\/policies.google.com\/technologies\/cookies<\/a><\/a>        <\/a>\n    <\/td>\n<\/tr>\n\n\n<tr class=\"tpc-table__row\">\n    <td data-title=\"Nom\">NID<\/td>\n    <td data-title=\"Fournisseurs de services\">Google<\/td>\n    <td data-title=\"Description\">T\u00e9moin n\u00e9cessaire \u00e0 l&#8217;utilisation des fonctionnalit\u00e9s et des services du site Web. Ce t\u00e9moin sert \u00e0 garantir le bon fonctionnement du site, \u00e0 enregistrer les pr\u00e9f\u00e9rences de l&#8217;utilisateur et \u00e0 personnaliser son exp\u00e9rience.<\/td>\n    <td data-title=\"Politique relative aux t\u00e9moins de tierce partie et \u00e0 la protection de la vie priv\u00e9e\">\n        <a href=\"\" target=\"_blank\" rel=\"noopener\">\n            <a href=\"https:\/\/policies.google.com\/technologies\/cookies\" target=\"_blank\" rel=\"noreferrer noopener\"><a href=\"https:\/\/policies.google.com\/technologies\/cookies\" target=\"_blank\" rel=\"noreferrer noopener\">https:\/\/policies.google.com\/technologies\/cookies<\/a><\/a>        <\/a>\n    <\/td>\n<\/tr>\n\n\n<tr class=\"tpc-table__row\">\n    <td data-title=\"Nom\">VISITOR_INFO1_LIVE<\/td>\n    <td data-title=\"Fournisseurs de services\">Google<\/td>\n    <td data-title=\"Description\">Ce t\u00e9moin est utilis\u00e9 par Youtube pour enregistrer les pr\u00e9f\u00e9rences de l&#8217;utilisateur concernant les vid\u00e9os Youtube int\u00e9gr\u00e9es dans les sites; il permet \u00e9galement de d\u00e9terminer si l&#8217;utilisateur du site utilise la nouvelle ou l&#8217;ancienne version de l&#8217;interface Youtube.<\/td>\n    <td data-title=\"Politique relative aux t\u00e9moins de tierce partie et \u00e0 la protection de la vie priv\u00e9e\">\n        <a href=\"\" target=\"_blank\" rel=\"noopener\">\n            <a href=\"https:\/\/policies.google.com\/technologies\/cookies\" target=\"_blank\" rel=\"noreferrer noopener\">https:\/\/policies.google.com\/technologies\/cookies<\/a>        <\/a>\n    <\/td>\n<\/tr>\n\n\n<tr class=\"tpc-table__row\">\n    <td data-title=\"Nom\">VISITOR_PRIVACY_METADATA<\/td>\n    <td data-title=\"Fournisseurs de services\">YouTube<\/td>\n    <td data-title=\"Description\">Ce t\u00e9moin est utilis\u00e9 par Youtube pour enregistrer les pr\u00e9f\u00e9rences de l&#8217;utilisateur concernant les vid\u00e9os Youtube int\u00e9gr\u00e9es dans les sites; il permet \u00e9galement de d\u00e9terminer si l&#8217;utilisateur du site utilise la nouvelle ou l&#8217;ancienne version de l&#8217;interface Youtube. T\u00e9moin n\u00e9cessaire \u00e0 l&#8217;utilisation des fonctionnalit\u00e9s et des services du site Web.<\/td>\n    <td data-title=\"Politique relative aux t\u00e9moins de tierce partie et \u00e0 la protection de la vie priv\u00e9e\">\n        <a href=\"\" target=\"_blank\" rel=\"noopener\">\n            <a href=\"https:\/\/policies.google.com\/technologies\/cookies\" target=\"_blank\" rel=\"noreferrer noopener\"><a href=\"https:\/\/policies.google.com\/technologies\/cookies\" target=\"_blank\" rel=\"noreferrer noopener\">https:\/\/policies.google.com\/technologies\/cookies<\/a><\/a>        <\/a>\n    <\/td>\n<\/tr>\n\n\n<tr class=\"tpc-table__row\">\n    <td data-title=\"Nom\">YSC<\/td>\n    <td data-title=\"Fournisseurs de services\">Google<\/td>\n    <td data-title=\"Description\">YSC est un t\u00e9moin utilis\u00e9 par YouTube pour m\u00e9moriser les donn\u00e9es saisies par l&#8217;utilisateur et associer ses actions. Il s&#8217;agit d&#8217;un t\u00e9moin tiers appartenant \u00e0 Google qui sert \u00e0 recueillir des informations sur les vid\u00e9os que vous regardez sur notre site Web, notamment le contenu et l&#8217;endroit o\u00f9 vous le visionnez. Ce t\u00e9moin reste actif tant que l&#8217;utilisateur garde son navigateur ouvert.<\/td>\n    <td data-title=\"Politique relative aux t\u00e9moins de tierce partie et \u00e0 la protection de la vie priv\u00e9e\">\n        <a href=\"\" target=\"_blank\" rel=\"noopener\">\n            <a href=\"https:\/\/policies.google.com\/technologies\/cookies\" target=\"_blank\" rel=\"noreferrer noopener\"><a href=\"https:\/\/policies.google.com\/technologies\/cookies\" target=\"_blank\" rel=\"noreferrer noopener\">https:\/\/policies.google.com\/technologies\/cookies<\/a><\/a>        <\/a>\n    <\/td>\n<\/tr>\n\n\n<tr class=\"tpc-table__row\">\n    <td data-title=\"Nom\">elfsight_viewed_recently<\/td>\n    <td data-title=\"Fournisseurs de services\">Elfsight<\/td>\n    <td data-title=\"Description\">Ce t\u00e9moin est associ\u00e9 au widget Elfsight sur la page d&#8217;accueil. T\u00e9moin n\u00e9cessaire \u00e0 l&#8217;utilisation des fonctionnalit\u00e9s et des services du site Web.<\/td>\n    <td data-title=\"Politique relative aux t\u00e9moins de tierce partie et \u00e0 la protection de la vie priv\u00e9e\">\n        <a href=\"\" target=\"_blank\" rel=\"noopener\">\n            <a href=\"https:\/\/policies.google.com\/technologies\/cookies\" target=\"_blank\" rel=\"noreferrer noopener\"><a href=\"https:\/\/elfsight.com\/privacy-policy\/\" target=\"_blank\" rel=\"noreferrer noopener\">https:\/\/elfsight.com\/privacy-policy\/<\/a><\/a>        <\/a>\n    <\/td>\n<\/tr>\n                                        <\/tbody>\n                                    <\/table>\n                                <\/div>\n                                <\/div>\n                            <\/div>\n                        <\/div>\n                    <\/div>\n                <\/div>\n            <\/div>\n        <\/div>\n    <\/div>\n<\/div>","protected":false},"excerpt":{"rendered":"","protected":false},"author":12,"featured_media":0,"parent":0,"menu_order":0,"comment_status":"closed","ping_status":"closed","template":"","meta":{"_acf_changed":false,"inline_featured_image":false,"footnotes":""},"class_list":["post-660","page","type-page","status-publish","hentry"],"acf":[],"yoast_head":"<!-- This site is optimized with the Yoast SEO plugin v27.3 - https:\/\/yoast.com\/product\/yoast-seo-wordpress\/ -->\n<title>Third party cookies - White Claw\u00ae Hard Seltzer Ireland<\/title>\n<meta name=\"robots\" content=\"index, follow, max-snippet:-1, max-image-preview:large, max-video-preview:-1\" \/>\n<link rel=\"canonical\" href=\"https:\/\/ie.whiteclaw.com\/third-party-cookies\" \/>\n<meta property=\"og:locale\" content=\"en_GB\" \/>\n<meta property=\"og:type\" content=\"article\" \/>\n<meta property=\"og:title\" content=\"Third party cookies - White Claw\u00ae Hard Seltzer Ireland\" \/>\n<meta property=\"og:url\" content=\"https:\/\/ie.whiteclaw.com\/third-party-cookies\" \/>\n<meta property=\"og:site_name\" content=\"White Claw\u00ae Hard Seltzer\" \/>\n<meta property=\"article:modified_time\" content=\"2025-10-14T06:03:09+00:00\" \/>\n<meta name=\"twitter:card\" content=\"summary_large_image\" \/>\n<script type=\"application\/ld+json\" class=\"yoast-schema-graph\">{\"@context\":\"https:\\\/\\\/schema.org\",\"@graph\":[{\"@type\":\"WebPage\",\"@id\":\"https:\\\/\\\/ch.whiteclaw.com\\\/fr\\\/third-party-cookies\\\/\",\"url\":\"https:\\\/\\\/ie.whiteclaw.com\\\/third-party-cookies\",\"name\":\"Third party cookies - White Claw\u00ae Hard Seltzer Ireland\",\"isPartOf\":{\"@id\":\"https:\\\/\\\/ch.whiteclaw.com\\\/fr\\\/#website\"},\"datePublished\":\"2025-05-26T11:11:28+00:00\",\"dateModified\":\"2025-10-14T06:03:09+00:00\",\"breadcrumb\":{\"@id\":\"https:\\\/\\\/ie.whiteclaw.com\\\/third-party-cookies#breadcrumb\"},\"inLanguage\":\"en-GB\",\"potentialAction\":[{\"@type\":\"ReadAction\",\"target\":[\"https:\\\/\\\/ie.whiteclaw.com\\\/third-party-cookies\"]}]},{\"@type\":\"BreadcrumbList\",\"@id\":\"https:\\\/\\\/ie.whiteclaw.com\\\/third-party-cookies#breadcrumb\",\"itemListElement\":[{\"@type\":\"ListItem\",\"position\":1,\"name\":\"Home\",\"item\":\"https:\\\/\\\/ch.whiteclaw.com\\\/fr\\\/\"},{\"@type\":\"ListItem\",\"position\":2,\"name\":\"Third party cookies\"}]},{\"@type\":\"WebSite\",\"@id\":\"https:\\\/\\\/ch.whiteclaw.com\\\/fr\\\/#website\",\"url\":\"https:\\\/\\\/ch.whiteclaw.com\\\/fr\\\/\",\"name\":\"White Claw\u00ae Hard Seltzer\",\"description\":\"Suisse\",\"publisher\":{\"@id\":\"https:\\\/\\\/ch.whiteclaw.com\\\/fr\\\/#organization\"},\"potentialAction\":[{\"@type\":\"SearchAction\",\"target\":{\"@type\":\"EntryPoint\",\"urlTemplate\":\"https:\\\/\\\/ch.whiteclaw.com\\\/fr\\\/?s={search_term_string}\"},\"query-input\":{\"@type\":\"PropertyValueSpecification\",\"valueRequired\":true,\"valueName\":\"search_term_string\"}}],\"inLanguage\":\"en-GB\"},{\"@type\":\"Organization\",\"@id\":\"https:\\\/\\\/ch.whiteclaw.com\\\/fr\\\/#organization\",\"name\":\"White Claw\u00ae Hard Seltzer\",\"url\":\"https:\\\/\\\/ch.whiteclaw.com\\\/fr\\\/\",\"logo\":{\"@type\":\"ImageObject\",\"inLanguage\":\"en-GB\",\"@id\":\"https:\\\/\\\/ch.whiteclaw.com\\\/fr\\\/#\\\/schema\\\/logo\\\/image\\\/\",\"url\":\"https:\\\/\\\/ch.whiteclaw.com\\\/fr\\\/wp-content\\\/uploads\\\/sites\\\/3\\\/2025\\\/05\\\/logo-blk.png\",\"contentUrl\":\"https:\\\/\\\/ch.whiteclaw.com\\\/fr\\\/wp-content\\\/uploads\\\/sites\\\/3\\\/2025\\\/05\\\/logo-blk.png\",\"width\":540,\"height\":536,\"caption\":\"White Claw\u00ae Hard Seltzer\"},\"image\":{\"@id\":\"https:\\\/\\\/ch.whiteclaw.com\\\/fr\\\/#\\\/schema\\\/logo\\\/image\\\/\"}}]}<\/script>\n<!-- \/ Yoast SEO plugin. -->","yoast_head_json":{"title":"Third party cookies - White Claw\u00ae Hard Seltzer Ireland","robots":{"index":"index","follow":"follow","max-snippet":"max-snippet:-1","max-image-preview":"max-image-preview:large","max-video-preview":"max-video-preview:-1"},"canonical":"https:\/\/ie.whiteclaw.com\/third-party-cookies","og_locale":"en_GB","og_type":"article","og_title":"Third party cookies - White Claw\u00ae Hard Seltzer Ireland","og_url":"https:\/\/ie.whiteclaw.com\/third-party-cookies","og_site_name":"White Claw\u00ae Hard Seltzer","article_modified_time":"2025-10-14T06:03:09+00:00","twitter_card":"summary_large_image","schema":{"@context":"https:\/\/schema.org","@graph":[{"@type":"WebPage","@id":"https:\/\/ch.whiteclaw.com\/fr\/third-party-cookies\/","url":"https:\/\/ie.whiteclaw.com\/third-party-cookies","name":"Third party cookies - White Claw\u00ae Hard Seltzer Ireland","isPartOf":{"@id":"https:\/\/ch.whiteclaw.com\/fr\/#website"},"datePublished":"2025-05-26T11:11:28+00:00","dateModified":"2025-10-14T06:03:09+00:00","breadcrumb":{"@id":"https:\/\/ie.whiteclaw.com\/third-party-cookies#breadcrumb"},"inLanguage":"en-GB","potentialAction":[{"@type":"ReadAction","target":["https:\/\/ie.whiteclaw.com\/third-party-cookies"]}]},{"@type":"BreadcrumbList","@id":"https:\/\/ie.whiteclaw.com\/third-party-cookies#breadcrumb","itemListElement":[{"@type":"ListItem","position":1,"name":"Home","item":"https:\/\/ch.whiteclaw.com\/fr\/"},{"@type":"ListItem","position":2,"name":"Third party cookies"}]},{"@type":"WebSite","@id":"https:\/\/ch.whiteclaw.com\/fr\/#website","url":"https:\/\/ch.whiteclaw.com\/fr\/","name":"White Claw\u00ae Hard Seltzer","description":"Suisse","publisher":{"@id":"https:\/\/ch.whiteclaw.com\/fr\/#organization"},"potentialAction":[{"@type":"SearchAction","target":{"@type":"EntryPoint","urlTemplate":"https:\/\/ch.whiteclaw.com\/fr\/?s={search_term_string}"},"query-input":{"@type":"PropertyValueSpecification","valueRequired":true,"valueName":"search_term_string"}}],"inLanguage":"en-GB"},{"@type":"Organization","@id":"https:\/\/ch.whiteclaw.com\/fr\/#organization","name":"White Claw\u00ae Hard Seltzer","url":"https:\/\/ch.whiteclaw.com\/fr\/","logo":{"@type":"ImageObject","inLanguage":"en-GB","@id":"https:\/\/ch.whiteclaw.com\/fr\/#\/schema\/logo\/image\/","url":"https:\/\/ch.whiteclaw.com\/fr\/wp-content\/uploads\/sites\/3\/2025\/05\/logo-blk.png","contentUrl":"https:\/\/ch.whiteclaw.com\/fr\/wp-content\/uploads\/sites\/3\/2025\/05\/logo-blk.png","width":540,"height":536,"caption":"White Claw\u00ae Hard Seltzer"},"image":{"@id":"https:\/\/ch.whiteclaw.com\/fr\/#\/schema\/logo\/image\/"}}]}},"_links":{"self":[{"href":"https:\/\/ch.whiteclaw.com\/fr\/wp-json\/wp\/v2\/pages\/660","targetHints":{"allow":["GET"]}}],"collection":[{"href":"https:\/\/ch.whiteclaw.com\/fr\/wp-json\/wp\/v2\/pages"}],"about":[{"href":"https:\/\/ch.whiteclaw.com\/fr\/wp-json\/wp\/v2\/types\/page"}],"author":[{"embeddable":true,"href":"https:\/\/ch.whiteclaw.com\/fr\/wp-json\/wp\/v2\/users\/12"}],"replies":[{"embeddable":true,"href":"https:\/\/ch.whiteclaw.com\/fr\/wp-json\/wp\/v2\/comments?post=660"}],"version-history":[{"count":0,"href":"https:\/\/ch.whiteclaw.com\/fr\/wp-json\/wp\/v2\/pages\/660\/revisions"}],"wp:attachment":[{"href":"https:\/\/ch.whiteclaw.com\/fr\/wp-json\/wp\/v2\/media?parent=660"}],"curies":[{"name":"wp","href":"https:\/\/api.w.org\/{rel}","templated":true}]}}